{"id":1143,"date":"2023-09-08T08:24:19","date_gmt":"2023-09-08T08:24:19","guid":{"rendered":"https:\/\/saytlarinhazirlanmasi.az\/?page_id=1143"},"modified":"2023-09-08T08:28:31","modified_gmt":"2023-09-08T08:28:31","slug":"bloq","status":"publish","type":"page","link":"https:\/\/saytlarinhazirlanmasi.az\/?page_id=1143","title":{"rendered":"Bloq"},"content":{"rendered":"\t\t<div data-elementor-type=\"wp-page\" data-elementor-id=\"1143\" class=\"elementor elementor-1143\" data-elementor-post-type=\"page\">\n\t\t\t\t\t\t<section class=\"elementor-section elementor-top-section elementor-element elementor-element-9cdacfc elementor-section-height-min-height elementor-section-boxed elementor-section-height-default elementor-section-items-middle\" data-id=\"9cdacfc\" data-element_type=\"section\" data-e-type=\"section\" data-settings=\"{&quot;background_background&quot;:&quot;classic&quot;}\">\n\t\t\t\t\t\t\t<div class=\"elementor-background-overlay\"><\/div>\n\t\t\t\t\t\t\t<div class=\"elementor-container elementor-column-gap-default\">\n\t\t\t\t\t<div class=\"elementor-column elementor-col-100 elementor-top-column elementor-element elementor-element-5ee4f21\" data-id=\"5ee4f21\" data-element_type=\"column\" data-e-type=\"column\">\n\t\t\t<div class=\"elementor-widget-wrap elementor-element-populated\">\n\t\t\t\t\t\t\t<\/div>\n\t\t<\/div>\n\t\t\t\t\t<\/div>\n\t\t<\/section>\n\t\t\t\t<section class=\"elementor-section elementor-top-section elementor-element elementor-element-24326cee elementor-section-boxed elementor-section-height-default elementor-section-height-default\" data-id=\"24326cee\" data-element_type=\"section\" data-e-type=\"section\">\n\t\t\t\t\t\t<div class=\"elementor-container elementor-column-gap-default\">\n\t\t\t\t\t<div class=\"elementor-column elementor-col-100 elementor-top-column elementor-element elementor-element-8bd998b\" data-id=\"8bd998b\" data-element_type=\"column\" data-e-type=\"column\">\n\t\t\t<div class=\"elementor-widget-wrap elementor-element-populated\">\n\t\t\t\t\t\t<div class=\"elementor-element elementor-element-707734c6 elementor-grid-3 elementor-grid-tablet-2 elementor-grid-mobile-1 elementor-posts--thumbnail-top elementor-card-shadow-yes elementor-posts__hover-gradient elementor-widget elementor-widget-posts\" data-id=\"707734c6\" data-element_type=\"widget\" data-e-type=\"widget\" data-settings=\"{&quot;pagination_type&quot;:&quot;numbers&quot;,&quot;cards_columns&quot;:&quot;3&quot;,&quot;cards_columns_tablet&quot;:&quot;2&quot;,&quot;cards_columns_mobile&quot;:&quot;1&quot;,&quot;cards_row_gap&quot;:{&quot;unit&quot;:&quot;px&quot;,&quot;size&quot;:35,&quot;sizes&quot;:[]},&quot;cards_row_gap_tablet&quot;:{&quot;unit&quot;:&quot;px&quot;,&quot;size&quot;:&quot;&quot;,&quot;sizes&quot;:[]},&quot;cards_row_gap_mobile&quot;:{&quot;unit&quot;:&quot;px&quot;,&quot;size&quot;:&quot;&quot;,&quot;sizes&quot;:[]}}\" data-widget_type=\"posts.cards\">\n\t\t\t\t<div class=\"elementor-widget-container\">\n\t\t\t\t\t\t\t<div class=\"elementor-posts-container elementor-posts elementor-posts--skin-cards elementor-grid\" role=\"list\">\n\t\t\t\t<article class=\"elementor-post elementor-grid-item post-2015 post type-post status-publish format-standard has-post-thumbnail hentry category-komanda\" role=\"listitem\">\n\t\t\t<div class=\"elementor-post__card\">\n\t\t\t\t<a class=\"elementor-post__thumbnail__link\" href=\"https:\/\/saytlarinhazirlanmasi.az\/?p=2015\" tabindex=\"-1\" ><div class=\"elementor-post__thumbnail\"><img fetchpriority=\"high\" decoding=\"async\" width=\"270\" height=\"325\" src=\"https:\/\/saytlarinhazirlanmasi.az\/wp-content\/uploads\/2026\/02\/Untitled-design-13.jpg\" class=\"attachment-full size-full wp-image-2016\" alt=\"\" srcset=\"https:\/\/saytlarinhazirlanmasi.az\/wp-content\/uploads\/2026\/02\/Untitled-design-13.jpg 270w, https:\/\/saytlarinhazirlanmasi.az\/wp-content\/uploads\/2026\/02\/Untitled-design-13-249x300.jpg 249w\" sizes=\"(max-width: 270px) 100vw, 270px\" \/><\/div><\/a>\n\t\t\t\t<div class=\"elementor-post__text\">\n\t\t\t\t<h3 class=\"elementor-post__title\">\n\t\t\t<a href=\"https:\/\/saytlarinhazirlanmasi.az\/?p=2015\" >\n\t\t\t\t\u00dcmid Yusifzad\u0259\t\t\t<\/a>\n\t\t<\/h3>\n\t\t\n\t\t<a class=\"elementor-post__read-more\" href=\"https:\/\/saytlarinhazirlanmasi.az\/?p=2015\" aria-label=\"Read more about \u00dcmid Yusifzad\u0259\" tabindex=\"-1\" >\n\t\t\tDavam\u0131n\u0131 g\u00f6r \u00bb\t\t<\/a>\n\n\t\t\t\t<\/div>\n\t\t\t\t<div class=\"elementor-post__meta-data\">\n\t\t\t\t\t<span class=\"elementor-post-date\">\n\t\t\t09\/02\/2026\t\t<\/span>\n\t\t\t\t<\/div>\n\t\t\t\t\t<\/div>\n\t\t<\/article>\n\t\t\t\t<article class=\"elementor-post elementor-grid-item post-2006 post type-post status-publish format-standard has-post-thumbnail hentry category-komanda\" role=\"listitem\">\n\t\t\t<div class=\"elementor-post__card\">\n\t\t\t\t<a class=\"elementor-post__thumbnail__link\" href=\"https:\/\/saytlarinhazirlanmasi.az\/?p=2006\" tabindex=\"-1\" ><div class=\"elementor-post__thumbnail\"><img decoding=\"async\" width=\"270\" height=\"325\" src=\"https:\/\/saytlarinhazirlanmasi.az\/wp-content\/uploads\/2026\/02\/Untitled-design-11.jpg\" class=\"attachment-full size-full wp-image-2007\" alt=\"\" srcset=\"https:\/\/saytlarinhazirlanmasi.az\/wp-content\/uploads\/2026\/02\/Untitled-design-11.jpg 270w, https:\/\/saytlarinhazirlanmasi.az\/wp-content\/uploads\/2026\/02\/Untitled-design-11-249x300.jpg 249w\" sizes=\"(max-width: 270px) 100vw, 270px\" \/><\/div><\/a>\n\t\t\t\t<div class=\"elementor-post__text\">\n\t\t\t\t<h3 class=\"elementor-post__title\">\n\t\t\t<a href=\"https:\/\/saytlarinhazirlanmasi.az\/?p=2006\" >\n\t\t\t\t\u018fli Yusibov\t\t\t<\/a>\n\t\t<\/h3>\n\t\t\n\t\t<a class=\"elementor-post__read-more\" href=\"https:\/\/saytlarinhazirlanmasi.az\/?p=2006\" aria-label=\"Read more about \u018fli Yusibov\" tabindex=\"-1\" >\n\t\t\tDavam\u0131n\u0131 g\u00f6r \u00bb\t\t<\/a>\n\n\t\t\t\t<\/div>\n\t\t\t\t<div class=\"elementor-post__meta-data\">\n\t\t\t\t\t<span class=\"elementor-post-date\">\n\t\t\t09\/02\/2026\t\t<\/span>\n\t\t\t\t<\/div>\n\t\t\t\t\t<\/div>\n\t\t<\/article>\n\t\t\t\t<article class=\"elementor-post elementor-grid-item post-1645 post type-post status-publish format-standard has-post-thumbnail hentry category-komanda\" role=\"listitem\">\n\t\t\t<div class=\"elementor-post__card\">\n\t\t\t\t<a class=\"elementor-post__thumbnail__link\" href=\"https:\/\/saytlarinhazirlanmasi.az\/?p=1645\" tabindex=\"-1\" ><div class=\"elementor-post__thumbnail\"><img decoding=\"async\" width=\"270\" height=\"325\" src=\"https:\/\/saytlarinhazirlanmasi.az\/wp-content\/uploads\/2026\/01\/Untitled-design-4.jpg\" class=\"attachment-full size-full wp-image-1646\" alt=\"\" srcset=\"https:\/\/saytlarinhazirlanmasi.az\/wp-content\/uploads\/2026\/01\/Untitled-design-4.jpg 270w, https:\/\/saytlarinhazirlanmasi.az\/wp-content\/uploads\/2026\/01\/Untitled-design-4-249x300.jpg 249w\" sizes=\"(max-width: 270px) 100vw, 270px\" \/><\/div><\/a>\n\t\t\t\t<div class=\"elementor-post__text\">\n\t\t\t\t<h3 class=\"elementor-post__title\">\n\t\t\t<a href=\"https:\/\/saytlarinhazirlanmasi.az\/?p=1645\" >\n\t\t\t\tRashad Aliyev\t\t\t<\/a>\n\t\t<\/h3>\n\t\t\n\t\t<a class=\"elementor-post__read-more\" href=\"https:\/\/saytlarinhazirlanmasi.az\/?p=1645\" aria-label=\"Read more about Rashad Aliyev\" tabindex=\"-1\" >\n\t\t\tDavam\u0131n\u0131 g\u00f6r \u00bb\t\t<\/a>\n\n\t\t\t\t<\/div>\n\t\t\t\t<div class=\"elementor-post__meta-data\">\n\t\t\t\t\t<span class=\"elementor-post-date\">\n\t\t\t27\/01\/2026\t\t<\/span>\n\t\t\t\t<\/div>\n\t\t\t\t\t<\/div>\n\t\t<\/article>\n\t\t\t\t<article class=\"elementor-post elementor-grid-item post-1641 post type-post status-publish format-standard has-post-thumbnail hentry category-komanda\" role=\"listitem\">\n\t\t\t<div class=\"elementor-post__card\">\n\t\t\t\t<a class=\"elementor-post__thumbnail__link\" href=\"https:\/\/saytlarinhazirlanmasi.az\/?p=1641\" tabindex=\"-1\" ><div class=\"elementor-post__thumbnail\"><img loading=\"lazy\" decoding=\"async\" width=\"270\" height=\"325\" src=\"https:\/\/saytlarinhazirlanmasi.az\/wp-content\/uploads\/2026\/01\/Saleh-Aliyev.jpg\" class=\"attachment-full size-full wp-image-1644\" alt=\"\" srcset=\"https:\/\/saytlarinhazirlanmasi.az\/wp-content\/uploads\/2026\/01\/Saleh-Aliyev.jpg 270w, https:\/\/saytlarinhazirlanmasi.az\/wp-content\/uploads\/2026\/01\/Saleh-Aliyev-249x300.jpg 249w\" sizes=\"(max-width: 270px) 100vw, 270px\" \/><\/div><\/a>\n\t\t\t\t<div class=\"elementor-post__text\">\n\t\t\t\t<h3 class=\"elementor-post__title\">\n\t\t\t<a href=\"https:\/\/saytlarinhazirlanmasi.az\/?p=1641\" >\n\t\t\t\tSaleh Aliyev\t\t\t<\/a>\n\t\t<\/h3>\n\t\t\n\t\t<a class=\"elementor-post__read-more\" href=\"https:\/\/saytlarinhazirlanmasi.az\/?p=1641\" aria-label=\"Read more about Saleh Aliyev\" tabindex=\"-1\" >\n\t\t\tDavam\u0131n\u0131 g\u00f6r \u00bb\t\t<\/a>\n\n\t\t\t\t<\/div>\n\t\t\t\t<div class=\"elementor-post__meta-data\">\n\t\t\t\t\t<span class=\"elementor-post-date\">\n\t\t\t27\/01\/2026\t\t<\/span>\n\t\t\t\t<\/div>\n\t\t\t\t\t<\/div>\n\t\t<\/article>\n\t\t\t\t<article class=\"elementor-post elementor-grid-item post-1597 post type-post status-publish format-standard has-post-thumbnail hentry category-komanda\" role=\"listitem\">\n\t\t\t<div class=\"elementor-post__card\">\n\t\t\t\t<a class=\"elementor-post__thumbnail__link\" href=\"https:\/\/saytlarinhazirlanmasi.az\/?p=1597\" tabindex=\"-1\" ><div class=\"elementor-post__thumbnail\"><img loading=\"lazy\" decoding=\"async\" width=\"928\" height=\"1120\" src=\"https:\/\/saytlarinhazirlanmasi.az\/wp-content\/uploads\/2026\/01\/Tural_Hajibayli.jpg\" class=\"attachment-full size-full wp-image-2047\" alt=\"\" srcset=\"https:\/\/saytlarinhazirlanmasi.az\/wp-content\/uploads\/2026\/01\/Tural_Hajibayli.jpg 928w, https:\/\/saytlarinhazirlanmasi.az\/wp-content\/uploads\/2026\/01\/Tural_Hajibayli-249x300.jpg 249w, https:\/\/saytlarinhazirlanmasi.az\/wp-content\/uploads\/2026\/01\/Tural_Hajibayli-848x1024.jpg 848w, https:\/\/saytlarinhazirlanmasi.az\/wp-content\/uploads\/2026\/01\/Tural_Hajibayli-768x927.jpg 768w\" sizes=\"(max-width: 928px) 100vw, 928px\" \/><\/div><\/a>\n\t\t\t\t<div class=\"elementor-post__text\">\n\t\t\t\t<h3 class=\"elementor-post__title\">\n\t\t\t<a href=\"https:\/\/saytlarinhazirlanmasi.az\/?p=1597\" >\n\t\t\t\tTural Hajibayli\t\t\t<\/a>\n\t\t<\/h3>\n\t\t\n\t\t<a class=\"elementor-post__read-more\" href=\"https:\/\/saytlarinhazirlanmasi.az\/?p=1597\" aria-label=\"Read more about Tural Hajibayli\" tabindex=\"-1\" >\n\t\t\tDavam\u0131n\u0131 g\u00f6r \u00bb\t\t<\/a>\n\n\t\t\t\t<\/div>\n\t\t\t\t<div class=\"elementor-post__meta-data\">\n\t\t\t\t\t<span class=\"elementor-post-date\">\n\t\t\t26\/01\/2026\t\t<\/span>\n\t\t\t\t<\/div>\n\t\t\t\t\t<\/div>\n\t\t<\/article>\n\t\t\t\t<article class=\"elementor-post elementor-grid-item post-1458 post type-post status-publish format-standard has-post-thumbnail hentry category-bloq\" role=\"listitem\">\n\t\t\t<div class=\"elementor-post__card\">\n\t\t\t\t<a class=\"elementor-post__thumbnail__link\" href=\"https:\/\/saytlarinhazirlanmasi.az\/?p=1458\" tabindex=\"-1\" ><div class=\"elementor-post__thumbnail\"><img loading=\"lazy\" decoding=\"async\" width=\"1000\" height=\"666\" src=\"https:\/\/saytlarinhazirlanmasi.az\/wp-content\/uploads\/2025\/02\/94872.jpg\" class=\"attachment-full size-full wp-image-1460\" alt=\"\" srcset=\"https:\/\/saytlarinhazirlanmasi.az\/wp-content\/uploads\/2025\/02\/94872.jpg 1000w, https:\/\/saytlarinhazirlanmasi.az\/wp-content\/uploads\/2025\/02\/94872-300x200.jpg 300w, https:\/\/saytlarinhazirlanmasi.az\/wp-content\/uploads\/2025\/02\/94872-768x511.jpg 768w\" sizes=\"(max-width: 1000px) 100vw, 1000px\" \/><\/div><\/a>\n\t\t\t\t<div class=\"elementor-post__text\">\n\t\t\t\t<h3 class=\"elementor-post__title\">\n\t\t\t<a href=\"https:\/\/saytlarinhazirlanmasi.az\/?p=1458\" >\n\t\t\t\tVeb Saytlar\u0131n Haz\u0131rlanmas\u0131 Qiym\u0259tl\u0259ri\t\t\t<\/a>\n\t\t<\/h3>\n\t\t\n\t\t<a class=\"elementor-post__read-more\" href=\"https:\/\/saytlarinhazirlanmasi.az\/?p=1458\" aria-label=\"Read more about Veb Saytlar\u0131n Haz\u0131rlanmas\u0131 Qiym\u0259tl\u0259ri\" tabindex=\"-1\" >\n\t\t\tDavam\u0131n\u0131 g\u00f6r \u00bb\t\t<\/a>\n\n\t\t\t\t<\/div>\n\t\t\t\t<div class=\"elementor-post__meta-data\">\n\t\t\t\t\t<span class=\"elementor-post-date\">\n\t\t\t18\/02\/2025\t\t<\/span>\n\t\t\t\t<\/div>\n\t\t\t\t\t<\/div>\n\t\t<\/article>\n\t\t\t\t<article class=\"elementor-post elementor-grid-item post-1449 post type-post status-publish format-standard has-post-thumbnail hentry category-40\" role=\"listitem\">\n\t\t\t<div class=\"elementor-post__card\">\n\t\t\t\t<a class=\"elementor-post__thumbnail__link\" href=\"https:\/\/saytlarinhazirlanmasi.az\/?p=1449&#038;lang=ru\" tabindex=\"-1\" ><div class=\"elementor-post__thumbnail\"><img loading=\"lazy\" decoding=\"async\" width=\"1000\" height=\"667\" src=\"https:\/\/saytlarinhazirlanmasi.az\/wp-content\/uploads\/2025\/02\/63-1.jpg\" class=\"attachment-full size-full wp-image-1442\" alt=\"\" srcset=\"https:\/\/saytlarinhazirlanmasi.az\/wp-content\/uploads\/2025\/02\/63-1.jpg 1000w, https:\/\/saytlarinhazirlanmasi.az\/wp-content\/uploads\/2025\/02\/63-1-300x200.jpg 300w, https:\/\/saytlarinhazirlanmasi.az\/wp-content\/uploads\/2025\/02\/63-1-768x512.jpg 768w\" sizes=\"(max-width: 1000px) 100vw, 1000px\" \/><\/div><\/a>\n\t\t\t\t<div class=\"elementor-post__text\">\n\t\t\t\t<h3 class=\"elementor-post__title\">\n\t\t\t<a href=\"https:\/\/saytlarinhazirlanmasi.az\/?p=1449&amp;lang=ru\" >\n\t\t\t\t\u041e\u0441\u043d\u043e\u0432\u043d\u044b\u0435 \u044d\u0442\u0430\u043f\u044b \u0441\u043e\u0437\u0434\u0430\u043d\u0438\u044f \u0441\u0430\u0439\u0442\u0430\t\t\t<\/a>\n\t\t<\/h3>\n\t\t\n\t\t<a class=\"elementor-post__read-more\" href=\"https:\/\/saytlarinhazirlanmasi.az\/?p=1449&#038;lang=ru\" aria-label=\"Read more about \u041e\u0441\u043d\u043e\u0432\u043d\u044b\u0435 \u044d\u0442\u0430\u043f\u044b \u0441\u043e\u0437\u0434\u0430\u043d\u0438\u044f \u0441\u0430\u0439\u0442\u0430\" tabindex=\"-1\" >\n\t\t\tDavam\u0131n\u0131 g\u00f6r \u00bb\t\t<\/a>\n\n\t\t\t\t<\/div>\n\t\t\t\t<div class=\"elementor-post__meta-data\">\n\t\t\t\t\t<span class=\"elementor-post-date\">\n\t\t\t18\/02\/2025\t\t<\/span>\n\t\t\t\t<\/div>\n\t\t\t\t\t<\/div>\n\t\t<\/article>\n\t\t\t\t<article class=\"elementor-post elementor-grid-item post-1447 post type-post status-publish format-standard has-post-thumbnail hentry category-40\" role=\"listitem\">\n\t\t\t<div class=\"elementor-post__card\">\n\t\t\t\t<a class=\"elementor-post__thumbnail__link\" href=\"https:\/\/saytlarinhazirlanmasi.az\/?p=1447&#038;lang=ru\" tabindex=\"-1\" ><div class=\"elementor-post__thumbnail\"><img loading=\"lazy\" decoding=\"async\" width=\"2560\" height=\"1707\" src=\"https:\/\/saytlarinhazirlanmasi.az\/wp-content\/uploads\/2025\/02\/22379553_6597461-scaled.jpg\" class=\"attachment-full size-full wp-image-1446\" alt=\"\" srcset=\"https:\/\/saytlarinhazirlanmasi.az\/wp-content\/uploads\/2025\/02\/22379553_6597461-scaled.jpg 2560w, https:\/\/saytlarinhazirlanmasi.az\/wp-content\/uploads\/2025\/02\/22379553_6597461-300x200.jpg 300w, https:\/\/saytlarinhazirlanmasi.az\/wp-content\/uploads\/2025\/02\/22379553_6597461-1024x683.jpg 1024w, https:\/\/saytlarinhazirlanmasi.az\/wp-content\/uploads\/2025\/02\/22379553_6597461-768x512.jpg 768w, https:\/\/saytlarinhazirlanmasi.az\/wp-content\/uploads\/2025\/02\/22379553_6597461-1536x1024.jpg 1536w, https:\/\/saytlarinhazirlanmasi.az\/wp-content\/uploads\/2025\/02\/22379553_6597461-2048x1365.jpg 2048w\" sizes=\"(max-width: 2560px) 100vw, 2560px\" \/><\/div><\/a>\n\t\t\t\t<div class=\"elementor-post__text\">\n\t\t\t\t<h3 class=\"elementor-post__title\">\n\t\t\t<a href=\"https:\/\/saytlarinhazirlanmasi.az\/?p=1447&amp;lang=ru\" >\n\t\t\t\tSSL-\u0441\u0435\u0440\u0442\u0438\u0444\u0438\u043a\u0430\u0442: \u0431\u0435\u0437\u043e\u043f\u0430\u0441\u043d\u043e\u0441\u0442\u044c \u0441\u0430\u0439\u0442\u0430 \u0438 \u0433\u0430\u0440\u0430\u043d\u0442\u0438\u044f \u043f\u043e\u043b\u044c\u0437\u043e\u0432\u0430\u0442\u0435\u043b\u044f\u043c\t\t\t<\/a>\n\t\t<\/h3>\n\t\t\n\t\t<a class=\"elementor-post__read-more\" href=\"https:\/\/saytlarinhazirlanmasi.az\/?p=1447&#038;lang=ru\" aria-label=\"Read more about SSL-\u0441\u0435\u0440\u0442\u0438\u0444\u0438\u043a\u0430\u0442: \u0431\u0435\u0437\u043e\u043f\u0430\u0441\u043d\u043e\u0441\u0442\u044c \u0441\u0430\u0439\u0442\u0430 \u0438 \u0433\u0430\u0440\u0430\u043d\u0442\u0438\u044f \u043f\u043e\u043b\u044c\u0437\u043e\u0432\u0430\u0442\u0435\u043b\u044f\u043c\" tabindex=\"-1\" >\n\t\t\tDavam\u0131n\u0131 g\u00f6r \u00bb\t\t<\/a>\n\n\t\t\t\t<\/div>\n\t\t\t\t<div class=\"elementor-post__meta-data\">\n\t\t\t\t\t<span class=\"elementor-post-date\">\n\t\t\t18\/02\/2025\t\t<\/span>\n\t\t\t\t<\/div>\n\t\t\t\t\t<\/div>\n\t\t<\/article>\n\t\t\t\t<article class=\"elementor-post elementor-grid-item post-1444 post type-post status-publish format-standard has-post-thumbnail hentry category-bloq\" role=\"listitem\">\n\t\t\t<div class=\"elementor-post__card\">\n\t\t\t\t<a class=\"elementor-post__thumbnail__link\" href=\"https:\/\/saytlarinhazirlanmasi.az\/?p=1444\" tabindex=\"-1\" ><div class=\"elementor-post__thumbnail\"><img loading=\"lazy\" decoding=\"async\" width=\"2560\" height=\"1707\" src=\"https:\/\/saytlarinhazirlanmasi.az\/wp-content\/uploads\/2025\/02\/22379553_6597461-scaled.jpg\" class=\"attachment-full size-full wp-image-1446\" alt=\"\" srcset=\"https:\/\/saytlarinhazirlanmasi.az\/wp-content\/uploads\/2025\/02\/22379553_6597461-scaled.jpg 2560w, https:\/\/saytlarinhazirlanmasi.az\/wp-content\/uploads\/2025\/02\/22379553_6597461-300x200.jpg 300w, https:\/\/saytlarinhazirlanmasi.az\/wp-content\/uploads\/2025\/02\/22379553_6597461-1024x683.jpg 1024w, https:\/\/saytlarinhazirlanmasi.az\/wp-content\/uploads\/2025\/02\/22379553_6597461-768x512.jpg 768w, https:\/\/saytlarinhazirlanmasi.az\/wp-content\/uploads\/2025\/02\/22379553_6597461-1536x1024.jpg 1536w, https:\/\/saytlarinhazirlanmasi.az\/wp-content\/uploads\/2025\/02\/22379553_6597461-2048x1365.jpg 2048w\" sizes=\"(max-width: 2560px) 100vw, 2560px\" \/><\/div><\/a>\n\t\t\t\t<div class=\"elementor-post__text\">\n\t\t\t\t<h3 class=\"elementor-post__title\">\n\t\t\t<a href=\"https:\/\/saytlarinhazirlanmasi.az\/?p=1444\" >\n\t\t\t\tSSL sertifikat\u0131: Sayt\u0131n t\u0259hl\u00fck\u0259sizliyi v\u0259 istifad\u0259\u00e7il\u0259r\u0259 z\u0259man\u0259t\t\t\t<\/a>\n\t\t<\/h3>\n\t\t\n\t\t<a class=\"elementor-post__read-more\" href=\"https:\/\/saytlarinhazirlanmasi.az\/?p=1444\" aria-label=\"Read more about SSL sertifikat\u0131: Sayt\u0131n t\u0259hl\u00fck\u0259sizliyi v\u0259 istifad\u0259\u00e7il\u0259r\u0259 z\u0259man\u0259t\" tabindex=\"-1\" >\n\t\t\tDavam\u0131n\u0131 g\u00f6r \u00bb\t\t<\/a>\n\n\t\t\t\t<\/div>\n\t\t\t\t<div class=\"elementor-post__meta-data\">\n\t\t\t\t\t<span class=\"elementor-post-date\">\n\t\t\t18\/02\/2025\t\t<\/span>\n\t\t\t\t<\/div>\n\t\t\t\t\t<\/div>\n\t\t<\/article>\n\t\t\t\t<article class=\"elementor-post elementor-grid-item post-1418 post type-post status-publish format-standard has-post-thumbnail hentry category-bloq\" role=\"listitem\">\n\t\t\t<div class=\"elementor-post__card\">\n\t\t\t\t<a class=\"elementor-post__thumbnail__link\" href=\"https:\/\/saytlarinhazirlanmasi.az\/?p=1418\" tabindex=\"-1\" ><div class=\"elementor-post__thumbnail\"><img loading=\"lazy\" decoding=\"async\" width=\"1000\" height=\"667\" src=\"https:\/\/saytlarinhazirlanmasi.az\/wp-content\/uploads\/2025\/02\/63-1.jpg\" class=\"attachment-full size-full wp-image-1442\" alt=\"\" srcset=\"https:\/\/saytlarinhazirlanmasi.az\/wp-content\/uploads\/2025\/02\/63-1.jpg 1000w, https:\/\/saytlarinhazirlanmasi.az\/wp-content\/uploads\/2025\/02\/63-1-300x200.jpg 300w, https:\/\/saytlarinhazirlanmasi.az\/wp-content\/uploads\/2025\/02\/63-1-768x512.jpg 768w\" sizes=\"(max-width: 1000px) 100vw, 1000px\" \/><\/div><\/a>\n\t\t\t\t<div class=\"elementor-post__text\">\n\t\t\t\t<h3 class=\"elementor-post__title\">\n\t\t\t<a href=\"https:\/\/saytlarinhazirlanmasi.az\/?p=1418\" >\n\t\t\t\tVeb saytlar\u0131n haz\u0131rlanmas\u0131 m\u0259rh\u0259l\u0259l\u0259ri\t\t\t<\/a>\n\t\t<\/h3>\n\t\t\n\t\t<a class=\"elementor-post__read-more\" href=\"https:\/\/saytlarinhazirlanmasi.az\/?p=1418\" aria-label=\"Read more about Veb saytlar\u0131n haz\u0131rlanmas\u0131 m\u0259rh\u0259l\u0259l\u0259ri\" tabindex=\"-1\" >\n\t\t\tDavam\u0131n\u0131 g\u00f6r \u00bb\t\t<\/a>\n\n\t\t\t\t<\/div>\n\t\t\t\t<div class=\"elementor-post__meta-data\">\n\t\t\t\t\t<span class=\"elementor-post-date\">\n\t\t\t18\/02\/2025\t\t<\/span>\n\t\t\t\t<\/div>\n\t\t\t\t\t<\/div>\n\t\t<\/article>\n\t\t\t\t<article class=\"elementor-post elementor-grid-item post-1235 post type-post status-publish format-standard has-post-thumbnail hentry category-40\" role=\"listitem\">\n\t\t\t<div class=\"elementor-post__card\">\n\t\t\t\t<a class=\"elementor-post__thumbnail__link\" href=\"https:\/\/saytlarinhazirlanmasi.az\/?p=1235&#038;lang=ru\" tabindex=\"-1\" ><div class=\"elementor-post__thumbnail\"><img loading=\"lazy\" decoding=\"async\" width=\"2048\" height=\"1451\" src=\"https:\/\/saytlarinhazirlanmasi.az\/wp-content\/uploads\/2023\/11\/afp.com-20231106-PH-GTY-1778708098-highres.jpg\" class=\"attachment-full size-full wp-image-1233\" alt=\"\" srcset=\"https:\/\/saytlarinhazirlanmasi.az\/wp-content\/uploads\/2023\/11\/afp.com-20231106-PH-GTY-1778708098-highres.jpg 2048w, https:\/\/saytlarinhazirlanmasi.az\/wp-content\/uploads\/2023\/11\/afp.com-20231106-PH-GTY-1778708098-highres-300x213.jpg 300w, https:\/\/saytlarinhazirlanmasi.az\/wp-content\/uploads\/2023\/11\/afp.com-20231106-PH-GTY-1778708098-highres-1024x726.jpg 1024w, https:\/\/saytlarinhazirlanmasi.az\/wp-content\/uploads\/2023\/11\/afp.com-20231106-PH-GTY-1778708098-highres-768x544.jpg 768w, https:\/\/saytlarinhazirlanmasi.az\/wp-content\/uploads\/2023\/11\/afp.com-20231106-PH-GTY-1778708098-highres-1536x1088.jpg 1536w\" sizes=\"(max-width: 2048px) 100vw, 2048px\" \/><\/div><\/a>\n\t\t\t\t<div class=\"elementor-post__text\">\n\t\t\t\t<h3 class=\"elementor-post__title\">\n\t\t\t<a href=\"https:\/\/saytlarinhazirlanmasi.az\/?p=1235&amp;lang=ru\" >\n\t\t\t\tMicrosoft \u043d\u0435\u0434\u043e\u0432\u043e\u043b\u044c\u043d\u0430 \u0443\u0445\u043e\u0434\u043e\u043c \u0421\u044d\u043c\u0430 \u0410\u043b\u044c\u0442\u043c\u0430\u043d\u0430 \u0438\u0437 OpenAI\t\t\t<\/a>\n\t\t<\/h3>\n\t\t\n\t\t<a class=\"elementor-post__read-more\" href=\"https:\/\/saytlarinhazirlanmasi.az\/?p=1235&#038;lang=ru\" aria-label=\"Read more about Microsoft \u043d\u0435\u0434\u043e\u0432\u043e\u043b\u044c\u043d\u0430 \u0443\u0445\u043e\u0434\u043e\u043c \u0421\u044d\u043c\u0430 \u0410\u043b\u044c\u0442\u043c\u0430\u043d\u0430 \u0438\u0437 OpenAI\" tabindex=\"-1\" >\n\t\t\tDavam\u0131n\u0131 g\u00f6r \u00bb\t\t<\/a>\n\n\t\t\t\t<\/div>\n\t\t\t\t<div class=\"elementor-post__meta-data\">\n\t\t\t\t\t<span class=\"elementor-post-date\">\n\t\t\t20\/11\/2023\t\t<\/span>\n\t\t\t\t<\/div>\n\t\t\t\t\t<\/div>\n\t\t<\/article>\n\t\t\t\t<article class=\"elementor-post elementor-grid-item post-1230 post type-post status-publish format-standard has-post-thumbnail hentry category-bloq\" role=\"listitem\">\n\t\t\t<div class=\"elementor-post__card\">\n\t\t\t\t<a class=\"elementor-post__thumbnail__link\" href=\"https:\/\/saytlarinhazirlanmasi.az\/?p=1230\" tabindex=\"-1\" ><div class=\"elementor-post__thumbnail\"><img loading=\"lazy\" decoding=\"async\" width=\"2048\" height=\"1451\" src=\"https:\/\/saytlarinhazirlanmasi.az\/wp-content\/uploads\/2023\/11\/afp.com-20231106-PH-GTY-1778708098-highres.jpg\" class=\"attachment-full size-full wp-image-1233\" alt=\"\" srcset=\"https:\/\/saytlarinhazirlanmasi.az\/wp-content\/uploads\/2023\/11\/afp.com-20231106-PH-GTY-1778708098-highres.jpg 2048w, https:\/\/saytlarinhazirlanmasi.az\/wp-content\/uploads\/2023\/11\/afp.com-20231106-PH-GTY-1778708098-highres-300x213.jpg 300w, https:\/\/saytlarinhazirlanmasi.az\/wp-content\/uploads\/2023\/11\/afp.com-20231106-PH-GTY-1778708098-highres-1024x726.jpg 1024w, https:\/\/saytlarinhazirlanmasi.az\/wp-content\/uploads\/2023\/11\/afp.com-20231106-PH-GTY-1778708098-highres-768x544.jpg 768w, https:\/\/saytlarinhazirlanmasi.az\/wp-content\/uploads\/2023\/11\/afp.com-20231106-PH-GTY-1778708098-highres-1536x1088.jpg 1536w\" sizes=\"(max-width: 2048px) 100vw, 2048px\" \/><\/div><\/a>\n\t\t\t\t<div class=\"elementor-post__text\">\n\t\t\t\t<h3 class=\"elementor-post__title\">\n\t\t\t<a href=\"https:\/\/saytlarinhazirlanmasi.az\/?p=1230\" >\n\t\t\t\tMicrosoft Sam Altman-\u0131n OpenAI-dan ayr\u0131lmas\u0131na he\u00e7 d\u0259 xo\u015f yana\u015fm\u0131r\t\t\t<\/a>\n\t\t<\/h3>\n\t\t\n\t\t<a class=\"elementor-post__read-more\" href=\"https:\/\/saytlarinhazirlanmasi.az\/?p=1230\" aria-label=\"Read more about Microsoft Sam Altman-\u0131n OpenAI-dan ayr\u0131lmas\u0131na he\u00e7 d\u0259 xo\u015f yana\u015fm\u0131r\" tabindex=\"-1\" >\n\t\t\tDavam\u0131n\u0131 g\u00f6r \u00bb\t\t<\/a>\n\n\t\t\t\t<\/div>\n\t\t\t\t<div class=\"elementor-post__meta-data\">\n\t\t\t\t\t<span class=\"elementor-post-date\">\n\t\t\t20\/11\/2023\t\t<\/span>\n\t\t\t\t<\/div>\n\t\t\t\t\t<\/div>\n\t\t<\/article>\n\t\t\t\t<\/div>\n\t\t\n\t\t\t\t<div class=\"e-load-more-anchor\" data-page=\"1\" data-max-page=\"3\" data-next-page=\"https:\/\/saytlarinhazirlanmasi.az\/index.php?rest_route=%2Fwp%2Fv2%2Fpages%2F1143&#038;paged=2\"><\/div>\n\t\t\t\t<nav class=\"elementor-pagination\" aria-label=\"Pagination\">\n\t\t\t<span aria-current=\"page\" class=\"page-numbers current\"><span class=\"elementor-screen-only\">Page<\/span>1<\/span>\n<a class=\"page-numbers\" href=\"https:\/\/saytlarinhazirlanmasi.az\/index.php\/?paged=2\"><span class=\"elementor-screen-only\">Page<\/span>2<\/a>\n<a class=\"page-numbers\" href=\"https:\/\/saytlarinhazirlanmasi.az\/index.php\/?paged=3\"><span class=\"elementor-screen-only\">Page<\/span>3<\/a>\t\t<\/nav>\n\t\t\t\t\t\t<\/div>\n\t\t\t\t<\/div>\n\t\t\t\t\t<\/div>\n\t\t<\/div>\n\t\t\t\t\t<\/div>\n\t\t<\/section>\n\t\t\t\t<\/div>\n\t\t","protected":false},"excerpt":{"rendered":"","protected":false},"author":1,"featured_media":0,"parent":0,"menu_order":0,"comment_status":"closed","ping_status":"closed","template":"elementor_header_footer","meta":{"_acf_changed":false,"footnotes":""},"class_list":["post-1143","page","type-page","status-publish","hentry"],"acf":[],"aioseo_notices":[],"_links":{"self":[{"href":"https:\/\/saytlarinhazirlanmasi.az\/index.php?rest_route=\/wp\/v2\/pages\/1143","targetHints":{"allow":["GET"]}}],"collection":[{"href":"https:\/\/saytlarinhazirlanmasi.az\/index.php?rest_route=\/wp\/v2\/pages"}],"about":[{"href":"https:\/\/saytlarinhazirlanmasi.az\/index.php?rest_route=\/wp\/v2\/types\/page"}],"author":[{"embeddable":true,"href":"https:\/\/saytlarinhazirlanmasi.az\/index.php?rest_route=\/wp\/v2\/users\/1"}],"replies":[{"embeddable":true,"href":"https:\/\/saytlarinhazirlanmasi.az\/index.php?rest_route=%2Fwp%2Fv2%2Fcomments&post=1143"}],"version-history":[{"count":10,"href":"https:\/\/saytlarinhazirlanmasi.az\/index.php?rest_route=\/wp\/v2\/pages\/1143\/revisions"}],"predecessor-version":[{"id":1156,"href":"https:\/\/saytlarinhazirlanmasi.az\/index.php?rest_route=\/wp\/v2\/pages\/1143\/revisions\/1156"}],"wp:attachment":[{"href":"https:\/\/saytlarinhazirlanmasi.az\/index.php?rest_route=%2Fwp%2Fv2%2Fmedia&parent=1143"}],"curies":[{"name":"wp","href":"https:\/\/api.w.org\/{rel}","templated":true}]}}